{"id":1561,"date":"2025-04-25T09:16:33","date_gmt":"2025-04-25T07:16:33","guid":{"rendered":"https:\/\/sabinatorrasfotografia.com\/politica-de-privacidad\/"},"modified":"2025-06-04T12:04:10","modified_gmt":"2025-06-04T10:04:10","slug":"politica-de-privacidad","status":"publish","type":"page","link":"https:\/\/sabinatorrasfotografia.com\/es\/politica-de-privacidad\/","title":{"rendered":"Pol\u00edtica de Privacidad"},"content":{"rendered":"\t\t<div data-elementor-type=\"wp-page\" data-elementor-id=\"1561\" class=\"elementor elementor-1561 elementor-264\" data-elementor-post-type=\"page\">\n\t\t\t\t<div class=\"elementor-element elementor-element-d9511ad e-flex e-con-boxed e-con e-parent\" data-id=\"d9511ad\" data-element_type=\"container\" data-e-type=\"container\" data-settings=\"{&quot;background_background&quot;:&quot;classic&quot;}\">\n\t\t\t\t\t<div class=\"e-con-inner\">\n\t\t<div class=\"elementor-element elementor-element-452ee9e e-con-full e-flex e-con e-child\" data-id=\"452ee9e\" data-element_type=\"container\" data-e-type=\"container\">\n\t\t\t\t<div class=\"elementor-element elementor-element-47a259b elementor-widget elementor-widget-heading\" data-id=\"47a259b\" data-element_type=\"widget\" data-e-type=\"widget\" data-widget_type=\"heading.default\">\n\t\t\t\t<div class=\"elementor-widget-container\">\n\t\t\t\t\t<h2 class=\"elementor-heading-title elementor-size-default\">Pol\u00edtica de Privacidad<\/h2>\t\t\t\t<\/div>\n\t\t\t\t<\/div>\n\t\t\t\t<div class=\"elementor-element elementor-element-d79ffdb elementor-widget elementor-widget-text-editor\" data-id=\"d79ffdb\" data-element_type=\"widget\" data-e-type=\"widget\" data-widget_type=\"text-editor.default\">\n\t\t\t\t<div class=\"elementor-widget-container\">\n\t\t\t\t\t\t\t\t\t<h2>1. DATOS DEL RESPONSABLE DEL TRATAMIENTO<\/h2><p><strong>Raz\u00f3n Social<\/strong>: SABINA TORRAS MAS (en adelante, la \u201cEmpresa\u201d o el \u201cResponsable\u201d).<br \/><strong>CIF<\/strong>: 52919664E<br \/><strong>Domicilio<\/strong>: CARRER MAJOR, 14 &#8211; 08849 &#8211; SANT CLIMENT DE LLOBREGAT &#8211; BARCELONA<br \/><strong>Tel\u00e9fono<\/strong>: 671525699<br \/><strong>Email para comunicaciones en materia de Protecci\u00f3n de datos<\/strong>: sabinatorrasfotografia@gmail.com<\/p><h2>1.1. Normativa aplicable<\/h2><p>Nuestra Pol\u00edtica de Privacidad se ha dise\u00f1ado de acuerdo con el <strong>Reglamento General de Protecci\u00f3n de Datos de la UE 2016\/679 del Parlamento Europeo<\/strong> y del Consejo, de 27 de abril de 2016, relativo a la protecci\u00f3n de las personas f\u00edsicas en lo que respecta al tratamiento de datos personales y a la libre circulaci\u00f3n de estos datos y por el que se deroga la Directiva 95\/46\/CE (Reglamento general de protecci\u00f3n de datos), y la Ley Org\u00e1nica 3\/2018 del 5 de diciembre, de Protecci\u00f3n de Datos de Car\u00e1cter Personal y Garant\u00eda de los Derechos Digitales. Al facilitarnos sus datos, Usted declara haber le\u00eddo y conocer la presente Pol\u00edtica de Privacidad, prestando su consentimiento inequ\u00edvoco y expreso al tratamiento de sus datos personales de acuerdo a las finalidades y t\u00e9rminos aqu\u00ed expresados.<\/p><p>La Empresa podr\u00e1 modificar la presente Pol\u00edtica de Privacidad para adaptarla a las novedades legislativas, jurisprudenciales o de interpretaci\u00f3n de la Agencia Espa\u00f1ola de Protecci\u00f3n de Datos. Estas condiciones de privacidad podr\u00e1n ser complementadas por el Aviso Legal, Pol\u00edtica de Cookies y las Condiciones Generales que, en su caso, se recojan para determinados productos o servicios, si dicho acceso supone alguna especialidad en materia de protecci\u00f3n de datos de car\u00e1cter personal.<\/p><h2>1.2. Delegado de Protecci\u00f3n de Datos<\/h2><p>CODEFUSION LABS SL, con NIF B56342645 y domicilio en CALLE AGUACATE, 41, EDIFICIO A1, BAJO 3, de 28054 &#8211; MADRID, de MADRID (ESPA\u00d1A). El tel\u00e9fono de contacto es 643851079 y el correo electr\u00f3nico: DPO@360CONSULTORES.ES.<\/p><h2>2. FINALIDAD DEL TRATAMIENTO DE LOS DATOS PERSONALES<\/h2><p>Los datos recogidos a trav\u00e9s de esta web se tratan con las siguientes finalidades:<\/p><p>&#8211; Gestionar el formulario de contacto disponible en la web, y atender consultas o solicitudes enviadas por los usuarios.<\/p><p>&#8211; Permitir el registro de cuentas de usuario en la plataforma, as\u00ed como la gesti\u00f3n del acceso al \u00e1rea privada, recuperaci\u00f3n de contrase\u00f1a y funcionalidades vinculadas.<\/p><p>&#8211; Mantener la relaci\u00f3n comercial o profesional que se pueda establecer entre el usuario y la Responsable.<\/p><p>&#8211; Gestionar, en su caso, el ejercicio de derechos vinculados a la protecci\u00f3n de datos.<\/p><h2>2.1. Plazo de Conservaci\u00f3n de sus datos<\/h2><p>Conservaremos sus datos personales desde que nos d\u00e9 su consentimiento hasta que lo revoque o bien solicite la limitaci\u00f3n del tratamiento. En tales casos, mantendremos sus datos de manera bloqueada durante los plazos legalmente exigidos.<\/p><h2>3. LEGITIMACI\u00d3N Y DATOS RECABADOS<\/h2><p>El tratamiento se basa en el consentimiento libre e informado del interesado al marcar la casilla de aceptaci\u00f3n de la pol\u00edtica de privacidad y enviar el formulario, as\u00ed como en la relaci\u00f3n contractual en caso de registro de usuario o contrataci\u00f3n de servicios..<\/p><h2>3.1. Consentimiento para tratar sus datos<\/h2><p>La base jur\u00eddica para el tratamiento de los datos personales es el consentimiento expreso otorgado por el interesado al marcar la casilla de aceptaci\u00f3n del formulario web, as\u00ed como al contactar voluntariamente mediante correo electr\u00f3nico o mensaje de WhatsApp, la ejecuci\u00f3n de una relaci\u00f3n precontractual o contractual en caso de contrataci\u00f3n de servicios o creaci\u00f3n de cuenta de usuario, y el cumplimiento de las obligaciones legales que correspondan a la Responsable.<\/p><h2>3.2. Categor\u00edas de datos<\/h2><p>Los datos que se recaban se refieren a la categor\u00eda de datos identificativos, como pueden ser: Nombre y Apellidos, Tel\u00e9fono, Direcci\u00f3n Postal, Empresa, Correo electr\u00f3nico, as\u00ed como la direcci\u00f3n IP desde donde accede al formulario de recogida de datos.<\/p><p>Nombre y Apellidos, Tel\u00e9fono, Direcci\u00f3n Postal, Empresa, Correo electr\u00f3nico, as\u00ed como la direcci\u00f3n IP desde donde accede al formulario de recogida de datos.<\/p><h2>4. MEDIDAS DE SEGURIDAD<\/h2><p>Dentro de nuestro compromiso por garantizar la seguridad y confidencialidad de sus datos de car\u00e1cter personal, le informamos que se han adoptado las medidas de \u00edndole t\u00e9cnica y organizativas necesarias para garantizar la seguridad de los datos de car\u00e1cter personal y evitar su alteraci\u00f3n, p\u00e9rdida, tratamiento o acceso no autorizado, habida cuenta del estado de la tecnolog\u00eda, la naturaleza de los datos almacenados y los riesgos a que est\u00e9n expuestos, seg\u00fan el Art. 32 del RGPD EU 679\/2016.<\/p><h2>5. CESI\u00d3N DE DATOS<\/h2><p>No se prev\u00e9n cesiones de datos ni transferencias internacionales de sus datos, a excepci\u00f3n de las autorizadas por la legislaci\u00f3n fiscal, mercantil y de telecomunicaciones as\u00ed como en aquellos casos en los que una autoridad judicial nos lo requiera.<\/p><p>No se prev\u00e9n cesiones de datos ni transferencias internacionales de sus datos, a excepci\u00f3n de las autorizadas por la legislaci\u00f3n fiscal, mercantil y de telecomunicaciones as\u00ed como en aquellos casos en los que una autoridad judicial nos lo requiera.<\/p><h2>6. DERECHOS DEL USUARIO<\/h2><p>Cualquier interesado tiene derecho a obtener confirmaci\u00f3n sobre si estamos tratando datos personales que le conciernan, o no. Las personas interesadas tienen derecho a acceder a sus datos personales, as\u00ed como a solicitar la rectificaci\u00f3n de los datos inexactos o, en su caso, solicitar su supresi\u00f3n cuando, entre otros motivos, los datos ya no sean necesarios para los fines que fueron recogidos. En determinadas circunstancias, los interesados podr\u00e1n solicitar la limitaci\u00f3n del tratamiento de sus datos, en cuyo caso \u00fanicamente los conservaremos para el ejercicio o la defensa de reclamaciones. Por motivos relacionados con su situaci\u00f3n particular, los interesados podr\u00e1n oponerse al tratamiento de sus datos. El Responsable del fichero dejar\u00e1 de tratar los datos, salvo por motivos leg\u00edtimos imperiosos, o el ejercicio o la defensa de posibles reclamaciones.<\/p><p>De acuerdo con la legislaci\u00f3n vigente tiene los siguientes derechos: derecho a solicitar el acceso a sus datos personales, derecho a solicitar su rectificaci\u00f3n o supresi\u00f3n, derecho a solicitar la limitaci\u00f3n de su tratamiento, derecho a oponerse al tratamiento, derecho a la portabilidad de los datos y as\u00ed mismo, a revocar el consentimiento otorgado. Asimismo, tiene derecho a presentar una reclamaci\u00f3n ante la Agencia Espa\u00f1ola de Protecci\u00f3n de Datos.<\/p><h2>6.1. \u00bfC\u00f3mo ejercitar mis derechos?<\/h2><p>Para ejercer sus derechos, debe dirigirse al responsable, solicitando el correspondiente formulario para el ejercicio del derecho elegido. Opcionalmente, puede acudir a la Autoridad de Control competente para obtener informaci\u00f3n adicional acerca de sus derechos. Los datos de contacto para el ejercicio de sus derechos son el tel\u00e9fono 671525699 y el correo electr\u00f3nico: sabinatorrasfotografia@gmail.com. Recuerde acompa\u00f1ar una copia de un documento que nos permita identificarle.<\/p>\t\t\t\t\t\t\t\t<\/div>\n\t\t\t\t<\/div>\n\t\t\t\t<\/div>\n\t\t<div class=\"elementor-element elementor-element-1b20ec9 e-con-full e-flex e-con e-child\" data-id=\"1b20ec9\" data-element_type=\"container\" data-e-type=\"container\">\n\t\t\t\t<div class=\"elementor-element elementor-element-b17c6d7 elementor-nav-menu--dropdown-tablet elementor-nav-menu__text-align-aside elementor-nav-menu--toggle elementor-nav-menu--burger elementor-widget elementor-widget-nav-menu\" data-id=\"b17c6d7\" data-element_type=\"widget\" data-e-type=\"widget\" data-settings=\"{&quot;layout&quot;:&quot;vertical&quot;,&quot;sticky&quot;:&quot;top&quot;,&quot;sticky_on&quot;:[&quot;desktop&quot;],&quot;sticky_offset&quot;:164,&quot;sticky_parent&quot;:&quot;yes&quot;,&quot;submenu_icon&quot;:{&quot;value&quot;:&quot;&lt;svg class=\\&quot;e-font-icon-svg e-fas-caret-down\\&quot; viewBox=\\&quot;0 0 320 512\\&quot; xmlns=\\&quot;http:\\\/\\\/www.w3.org\\\/2000\\\/svg\\&quot;&gt;&lt;path d=\\&quot;M31.3 192h257.3c17.8 0 26.7 21.5 14.1 34.1L174.1 354.8c-7.8 7.8-20.5 7.8-28.3 0L17.2 226.1C4.6 213.5 13.5 192 31.3 192z\\&quot;&gt;&lt;\\\/path&gt;&lt;\\\/svg&gt;&quot;,&quot;library&quot;:&quot;fa-solid&quot;},&quot;toggle&quot;:&quot;burger&quot;,&quot;sticky_effects_offset&quot;:0,&quot;sticky_anchor_link_offset&quot;:0}\" data-widget_type=\"nav-menu.default\">\n\t\t\t\t<div class=\"elementor-widget-container\">\n\t\t\t\t\t\t\t\t<nav aria-label=\"Menu\" class=\"elementor-nav-menu--main elementor-nav-menu__container elementor-nav-menu--layout-vertical e--pointer-none\">\n\t\t\t\t<ul id=\"menu-1-b17c6d7\" class=\"elementor-nav-menu sm-vertical\"><li class=\"menu-item menu-item-type-post_type menu-item-object-page menu-item-1569\"><a href=\"https:\/\/sabinatorrasfotografia.com\/es\/aviso-legal\/\" class=\"elementor-item\">Aviso Legal<\/a><\/li>\n<li class=\"menu-item menu-item-type-post_type menu-item-object-page menu-item-1567\"><a href=\"https:\/\/sabinatorrasfotografia.com\/es\/politica-de-cookies\/\" class=\"elementor-item\">Pol\u00edtica de Cookies<\/a><\/li>\n<li class=\"menu-item menu-item-type-post_type menu-item-object-page menu-item-1568\"><a href=\"https:\/\/sabinatorrasfotografia.com\/es\/politica-de-privacidad\/\" class=\"elementor-item\">Pol\u00edtica de Privacidad<\/a><\/li>\n<\/ul>\t\t\t<\/nav>\n\t\t\t\t\t<div class=\"elementor-menu-toggle\" role=\"button\" tabindex=\"0\" aria-label=\"Alternar men\u00fa\" aria-expanded=\"false\">\n\t\t\t<svg aria-hidden=\"true\" role=\"presentation\" class=\"elementor-menu-toggle__icon--open e-font-icon-svg e-eicon-menu-bar\" viewBox=\"0 0 1000 1000\" xmlns=\"http:\/\/www.w3.org\/2000\/svg\"><path d=\"M104 333H896C929 333 958 304 958 271S929 208 896 208H104C71 208 42 237 42 271S71 333 104 333ZM104 583H896C929 583 958 554 958 521S929 458 896 458H104C71 458 42 487 42 521S71 583 104 583ZM104 833H896C929 833 958 804 958 771S929 708 896 708H104C71 708 42 737 42 771S71 833 104 833Z\"><\/path><\/svg><svg aria-hidden=\"true\" role=\"presentation\" class=\"elementor-menu-toggle__icon--close e-font-icon-svg e-eicon-close\" viewBox=\"0 0 1000 1000\" xmlns=\"http:\/\/www.w3.org\/2000\/svg\"><path d=\"M742 167L500 408 258 167C246 154 233 150 217 150 196 150 179 158 167 167 154 179 150 196 150 212 150 229 154 242 171 254L408 500 167 742C138 771 138 800 167 829 196 858 225 858 254 829L496 587 738 829C750 842 767 846 783 846 800 846 817 842 829 829 842 817 846 804 846 783 846 767 842 750 829 737L588 500 833 258C863 229 863 200 833 171 804 137 775 137 742 167Z\"><\/path><\/svg>\t\t<\/div>\n\t\t\t\t\t<nav class=\"elementor-nav-menu--dropdown elementor-nav-menu__container\" aria-hidden=\"true\">\n\t\t\t\t<ul id=\"menu-2-b17c6d7\" class=\"elementor-nav-menu sm-vertical\"><li class=\"menu-item menu-item-type-post_type menu-item-object-page menu-item-1569\"><a href=\"https:\/\/sabinatorrasfotografia.com\/es\/aviso-legal\/\" class=\"elementor-item\" tabindex=\"-1\">Aviso Legal<\/a><\/li>\n<li class=\"menu-item menu-item-type-post_type menu-item-object-page menu-item-1567\"><a href=\"https:\/\/sabinatorrasfotografia.com\/es\/politica-de-cookies\/\" class=\"elementor-item\" tabindex=\"-1\">Pol\u00edtica de Cookies<\/a><\/li>\n<li class=\"menu-item menu-item-type-post_type menu-item-object-page menu-item-1568\"><a href=\"https:\/\/sabinatorrasfotografia.com\/es\/politica-de-privacidad\/\" class=\"elementor-item\" tabindex=\"-1\">Pol\u00edtica de Privacidad<\/a><\/li>\n<\/ul>\t\t\t<\/nav>\n\t\t\t\t\t\t<\/div>\n\t\t\t\t<\/div>\n\t\t\t\t<\/div>\n\t\t\t\t\t<\/div>\n\t\t\t\t<\/div>\n\t\t\t\t<\/div>\n\t\t","protected":false},"excerpt":{"rendered":"<p>1. DATOS DEL RESPONSABLE DEL TRATAMIENTO Raz\u00f3n Social: SABINA TORRAS MAS (en adelante, la \u201cEmpresa\u201d o el \u201cResponsable\u201d).CIF: 52919664EDomicilio: CARRER MAJOR, 14 &#8211; 08849 &#8211; SANT CLIMENT DE LLOBREGAT &#8211; BARCELONATel\u00e9fono: 671525699Email para comunicaciones en materia de Protecci\u00f3n de datos: sabinatorrasfotografia@gmail.com 1.1. Normativa aplicable Nuestra Pol\u00edtica de Privacidad se ha dise\u00f1ado de acuerdo con el [&hellip;]<\/p>\n","protected":false},"author":2,"featured_media":0,"parent":0,"menu_order":0,"comment_status":"closed","ping_status":"closed","template":"","meta":{"_acf_changed":false,"footnotes":""},"class_list":["post-1561","page","type-page","status-publish","hentry"],"acf":[],"_links":{"self":[{"href":"https:\/\/sabinatorrasfotografia.com\/es\/wp-json\/wp\/v2\/pages\/1561","targetHints":{"allow":["GET"]}}],"collection":[{"href":"https:\/\/sabinatorrasfotografia.com\/es\/wp-json\/wp\/v2\/pages"}],"about":[{"href":"https:\/\/sabinatorrasfotografia.com\/es\/wp-json\/wp\/v2\/types\/page"}],"author":[{"embeddable":true,"href":"https:\/\/sabinatorrasfotografia.com\/es\/wp-json\/wp\/v2\/users\/2"}],"replies":[{"embeddable":true,"href":"https:\/\/sabinatorrasfotografia.com\/es\/wp-json\/wp\/v2\/comments?post=1561"}],"version-history":[{"count":14,"href":"https:\/\/sabinatorrasfotografia.com\/es\/wp-json\/wp\/v2\/pages\/1561\/revisions"}],"predecessor-version":[{"id":1698,"href":"https:\/\/sabinatorrasfotografia.com\/es\/wp-json\/wp\/v2\/pages\/1561\/revisions\/1698"}],"wp:attachment":[{"href":"https:\/\/sabinatorrasfotografia.com\/es\/wp-json\/wp\/v2\/media?parent=1561"}],"curies":[{"name":"wp","href":"https:\/\/api.w.org\/{rel}","templated":true}]}}